{"id":2042,"date":"2025-02-26T16:03:22","date_gmt":"2025-02-26T16:03:22","guid":{"rendered":"https:\/\/pinokyoyayinlari.com\/web\/?post_type=product&#038;p=2042"},"modified":"2025-07-23T11:46:56","modified_gmt":"2025-07-23T11:46:56","slug":"sebzeler-boyama-kitabicikartmalikum-boya-hediyeli-24-sayfa","status":"publish","type":"product","link":"https:\/\/pinokyoyayinlari.com\/web\/?product=sebzeler-boyama-kitabicikartmalikum-boya-hediyeli-24-sayfa","title":{"rendered":"SEBZELER BOYAMA K\u0130TABI+\u00c7IKARTMALI+KUM BOYA HED\u0130YEL\u0130 (24 SAYFA)"},"content":{"rendered":"<div class=\"col-sm-6 col-md-7 product-info-block\">\n<div class=\"product-info\">\n<h3 class=\"name ng-binding\">SEBZELER BOYAMA K\u0130TABI+\u00c7IKARTMALI+KUM BOYA HED\u0130YEL\u0130 (24 SAYFA)<\/h3>\n<\/div>\n<\/div>\n","protected":false},"excerpt":{"rendered":"<p>SEBZELER BOYAMA K\u0130TABI+\u00c7IKARTMALI+KUM BOYA HED\u0130YEL\u0130 (24 SAYFA)<\/p>\n","protected":false},"featured_media":2011,"template":"","meta":[],"product_brand":[],"product_cat":[111],"product_tag":[],"class_list":{"0":"post-2042","1":"product","2":"type-product","3":"status-publish","4":"has-post-thumbnail","6":"product_cat-2-3-4-5-6-yas","8":"first","9":"instock","10":"shipping-taxable","11":"purchasable","12":"product-type-simple"},"_links":{"self":[{"href":"https:\/\/pinokyoyayinlari.com\/web\/index.php?rest_route=\/wp\/v2\/product\/2042","targetHints":{"allow":["GET"]}}],"collection":[{"href":"https:\/\/pinokyoyayinlari.com\/web\/index.php?rest_route=\/wp\/v2\/product"}],"about":[{"href":"https:\/\/pinokyoyayinlari.com\/web\/index.php?rest_route=\/wp\/v2\/types\/product"}],"wp:featuredmedia":[{"embeddable":true,"href":"https:\/\/pinokyoyayinlari.com\/web\/index.php?rest_route=\/wp\/v2\/media\/2011"}],"wp:attachment":[{"href":"https:\/\/pinokyoyayinlari.com\/web\/index.php?rest_route=%2Fwp%2Fv2%2Fmedia&parent=2042"}],"wp:term":[{"taxonomy":"product_brand","embeddable":true,"href":"https:\/\/pinokyoyayinlari.com\/web\/index.php?rest_route=%2Fwp%2Fv2%2Fproduct_brand&post=2042"},{"taxonomy":"product_cat","embeddable":true,"href":"https:\/\/pinokyoyayinlari.com\/web\/index.php?rest_route=%2Fwp%2Fv2%2Fproduct_cat&post=2042"},{"taxonomy":"product_tag","embeddable":true,"href":"https:\/\/pinokyoyayinlari.com\/web\/index.php?rest_route=%2Fwp%2Fv2%2Fproduct_tag&post=2042"}],"curies":[{"name":"wp","href":"https:\/\/api.w.org\/{rel}","templated":true}]}}