{"id":2041,"date":"2025-02-26T16:01:17","date_gmt":"2025-02-26T16:01:17","guid":{"rendered":"https:\/\/pinokyoyayinlari.com\/web\/?post_type=product&#038;p=2041"},"modified":"2025-07-23T11:47:07","modified_gmt":"2025-07-23T11:47:07","slug":"tasitlar-boyama-kitabicikartmalikuru-boya-hediyeli-24-sayfa","status":"publish","type":"product","link":"https:\/\/pinokyoyayinlari.com\/web\/?product=tasitlar-boyama-kitabicikartmalikuru-boya-hediyeli-24-sayfa","title":{"rendered":"TA\u015eITLAR BOYAMA K\u0130TABI+\u00c7IKARTMALI+KURU BOYA HED\u0130YEL\u0130 (24 SAYFA)"},"content":{"rendered":"<div class=\"col-sm-6 col-md-7 product-info-block\">\n<div class=\"product-info\">\n<h3 class=\"name ng-binding\">TA\u015eITLAR BOYAMA K\u0130TABI+\u00c7IKARTMALI+KURU BOYA HED\u0130YEL\u0130 (24 SAYFA)<\/h3>\n<\/div>\n<\/div>\n","protected":false},"excerpt":{"rendered":"<p>TA\u015eITLAR BOYAMA K\u0130TABI+\u00c7IKARTMALI+KURU BOYA HED\u0130YEL\u0130 (24 SAYFA)<\/p>\n","protected":false},"featured_media":2010,"template":"","meta":[],"product_brand":[],"product_cat":[111],"product_tag":[],"class_list":{"0":"post-2041","1":"product","2":"type-product","3":"status-publish","4":"has-post-thumbnail","6":"product_cat-2-3-4-5-6-yas","8":"first","9":"instock","10":"shipping-taxable","11":"purchasable","12":"product-type-simple"},"_links":{"self":[{"href":"https:\/\/pinokyoyayinlari.com\/web\/index.php?rest_route=\/wp\/v2\/product\/2041","targetHints":{"allow":["GET"]}}],"collection":[{"href":"https:\/\/pinokyoyayinlari.com\/web\/index.php?rest_route=\/wp\/v2\/product"}],"about":[{"href":"https:\/\/pinokyoyayinlari.com\/web\/index.php?rest_route=\/wp\/v2\/types\/product"}],"wp:featuredmedia":[{"embeddable":true,"href":"https:\/\/pinokyoyayinlari.com\/web\/index.php?rest_route=\/wp\/v2\/media\/2010"}],"wp:attachment":[{"href":"https:\/\/pinokyoyayinlari.com\/web\/index.php?rest_route=%2Fwp%2Fv2%2Fmedia&parent=2041"}],"wp:term":[{"taxonomy":"product_brand","embeddable":true,"href":"https:\/\/pinokyoyayinlari.com\/web\/index.php?rest_route=%2Fwp%2Fv2%2Fproduct_brand&post=2041"},{"taxonomy":"product_cat","embeddable":true,"href":"https:\/\/pinokyoyayinlari.com\/web\/index.php?rest_route=%2Fwp%2Fv2%2Fproduct_cat&post=2041"},{"taxonomy":"product_tag","embeddable":true,"href":"https:\/\/pinokyoyayinlari.com\/web\/index.php?rest_route=%2Fwp%2Fv2%2Fproduct_tag&post=2041"}],"curies":[{"name":"wp","href":"https:\/\/api.w.org\/{rel}","templated":true}]}}