{"id":2033,"date":"2025-02-26T15:45:42","date_gmt":"2025-02-26T15:45:42","guid":{"rendered":"https:\/\/pinokyoyayinlari.com\/web\/?post_type=product&#038;p=2033"},"modified":"2025-07-23T11:48:25","modified_gmt":"2025-07-23T11:48:25","slug":"cikartmali-mevsimler-kitabimsticker-16-sayfa","status":"publish","type":"product","link":"https:\/\/pinokyoyayinlari.com\/web\/?product=cikartmali-mevsimler-kitabimsticker-16-sayfa","title":{"rendered":"\u00c7IKARTMALI MEVS\u0130MLER K\u0130TABIM+STICKER (16 SAYFA)"},"content":{"rendered":"<p>\u00c7IKARTMALI MEVS\u0130MLER K\u0130TABIM+STICKER (16 SAYFA)<\/p>\n<div><\/div>\n","protected":false},"excerpt":{"rendered":"<p>\u00c7IKARTMALI MEVS\u0130MLER K\u0130TABIM+STICKER (16 SAYFA)<\/p>\n","protected":false},"featured_media":2018,"template":"","meta":[],"product_brand":[],"product_cat":[140],"product_tag":[],"class_list":{"0":"post-2033","1":"product","2":"type-product","3":"status-publish","4":"has-post-thumbnail","6":"product_cat-etkinlikler","8":"first","9":"instock","10":"shipping-taxable","11":"purchasable","12":"product-type-simple"},"_links":{"self":[{"href":"https:\/\/pinokyoyayinlari.com\/web\/index.php?rest_route=\/wp\/v2\/product\/2033","targetHints":{"allow":["GET"]}}],"collection":[{"href":"https:\/\/pinokyoyayinlari.com\/web\/index.php?rest_route=\/wp\/v2\/product"}],"about":[{"href":"https:\/\/pinokyoyayinlari.com\/web\/index.php?rest_route=\/wp\/v2\/types\/product"}],"wp:featuredmedia":[{"embeddable":true,"href":"https:\/\/pinokyoyayinlari.com\/web\/index.php?rest_route=\/wp\/v2\/media\/2018"}],"wp:attachment":[{"href":"https:\/\/pinokyoyayinlari.com\/web\/index.php?rest_route=%2Fwp%2Fv2%2Fmedia&parent=2033"}],"wp:term":[{"taxonomy":"product_brand","embeddable":true,"href":"https:\/\/pinokyoyayinlari.com\/web\/index.php?rest_route=%2Fwp%2Fv2%2Fproduct_brand&post=2033"},{"taxonomy":"product_cat","embeddable":true,"href":"https:\/\/pinokyoyayinlari.com\/web\/index.php?rest_route=%2Fwp%2Fv2%2Fproduct_cat&post=2033"},{"taxonomy":"product_tag","embeddable":true,"href":"https:\/\/pinokyoyayinlari.com\/web\/index.php?rest_route=%2Fwp%2Fv2%2Fproduct_tag&post=2033"}],"curies":[{"name":"wp","href":"https:\/\/api.w.org\/{rel}","templated":true}]}}