{"id":2005,"date":"2025-02-26T15:13:41","date_gmt":"2025-02-26T15:13:41","guid":{"rendered":"https:\/\/pinokyoyayinlari.com\/web\/?post_type=product&#038;p=2005"},"modified":"2026-03-26T12:54:52","modified_gmt":"2026-03-26T12:54:52","slug":"cocuklar-icin-neseli-mandala-48-sayfa","status":"publish","type":"product","link":"https:\/\/pinokyoyayinlari.com\/web\/?product=cocuklar-icin-neseli-mandala-48-sayfa","title":{"rendered":"\u00c7OCUKLAR \u0130\u00c7\u0130N NE\u015eEL\u0130 MANDALA (48 SAYFA)"},"content":{"rendered":"<h3 class=\"name ng-binding\" style=\"outline: none; font-family: 'Open Sans', sans-serif; font-weight: bold; line-height: 1.1; color: #333333; margin-bottom: 10px; letter-spacing: -1px;\">\u00c7OCUKLAR \u0130\u00c7\u0130N NE\u015eEL\u0130 MANDALA (48 SAYFA)<\/h3>\n<div class=\"stock-container info-container m-t-10\" style=\"outline: none; margin-top: 10px; color: #333333; font-family: 'Open Sans', sans-serif; font-size: 13px;\">\n<div class=\"row\" style=\"outline: none;\">\n<div class=\"col-sm-2\" style=\"outline: none; width: 109.859px;\"><\/div>\n<\/div>\n<\/div>\n","protected":false},"excerpt":{"rendered":"<p>\u00c7OCUKLAR \u0130\u00c7\u0130N NE\u015eEL\u0130 MANDALA (48 SAYFA)<\/p>\n","protected":false},"featured_media":2020,"template":"","meta":[],"product_brand":[],"product_cat":[111],"product_tag":[],"class_list":{"0":"post-2005","1":"product","2":"type-product","3":"status-publish","4":"has-post-thumbnail","6":"product_cat-2-3-4-5-6-yas","8":"first","9":"instock","10":"shipping-taxable","11":"purchasable","12":"product-type-simple"},"_links":{"self":[{"href":"https:\/\/pinokyoyayinlari.com\/web\/index.php?rest_route=\/wp\/v2\/product\/2005","targetHints":{"allow":["GET"]}}],"collection":[{"href":"https:\/\/pinokyoyayinlari.com\/web\/index.php?rest_route=\/wp\/v2\/product"}],"about":[{"href":"https:\/\/pinokyoyayinlari.com\/web\/index.php?rest_route=\/wp\/v2\/types\/product"}],"wp:featuredmedia":[{"embeddable":true,"href":"https:\/\/pinokyoyayinlari.com\/web\/index.php?rest_route=\/wp\/v2\/media\/2020"}],"wp:attachment":[{"href":"https:\/\/pinokyoyayinlari.com\/web\/index.php?rest_route=%2Fwp%2Fv2%2Fmedia&parent=2005"}],"wp:term":[{"taxonomy":"product_brand","embeddable":true,"href":"https:\/\/pinokyoyayinlari.com\/web\/index.php?rest_route=%2Fwp%2Fv2%2Fproduct_brand&post=2005"},{"taxonomy":"product_cat","embeddable":true,"href":"https:\/\/pinokyoyayinlari.com\/web\/index.php?rest_route=%2Fwp%2Fv2%2Fproduct_cat&post=2005"},{"taxonomy":"product_tag","embeddable":true,"href":"https:\/\/pinokyoyayinlari.com\/web\/index.php?rest_route=%2Fwp%2Fv2%2Fproduct_tag&post=2005"}],"curies":[{"name":"wp","href":"https:\/\/api.w.org\/{rel}","templated":true}]}}