{"id":1965,"date":"2024-06-04T10:13:37","date_gmt":"2024-06-04T10:13:37","guid":{"rendered":"https:\/\/pinokyoyayinlari.com\/web\/?post_type=product&#038;p=1965"},"modified":"2025-07-23T11:50:41","modified_gmt":"2025-07-23T11:50:41","slug":"abs-dusunme-becerileri-dikkat-algi-zeka5-6-yas","status":"publish","type":"product","link":"https:\/\/pinokyoyayinlari.com\/web\/?product=abs-dusunme-becerileri-dikkat-algi-zeka5-6-yas","title":{"rendered":"ABS D\u00dc\u015e\u00dcNME BECER\u0130LER\u0130 (D\u0130KKAT-ALGI-ZEKA)5-6 YA\u015e"},"content":{"rendered":"<h3 class=\"name ng-binding\">ABS D\u00dc\u015e\u00dcNME BECER\u0130LER\u0130 (D\u0130KKAT-ALGI-ZEKA)5-6 YA\u015e<\/h3>\n","protected":false},"excerpt":{"rendered":"<p>ABS D\u00dc\u015e\u00dcNME BECER\u0130LER\u0130 (D\u0130KKAT-ALGI-ZEKA)5-6 YA\u015e<\/p>\n","protected":false},"featured_media":1966,"template":"","meta":[],"product_brand":[],"product_cat":[15,140],"product_tag":[],"class_list":{"0":"post-1965","1":"product","2":"type-product","3":"status-publish","4":"has-post-thumbnail","6":"product_cat-genel","7":"product_cat-etkinlikler","9":"first","10":"instock","11":"shipping-taxable","12":"purchasable","13":"product-type-simple"},"_links":{"self":[{"href":"https:\/\/pinokyoyayinlari.com\/web\/index.php?rest_route=\/wp\/v2\/product\/1965","targetHints":{"allow":["GET"]}}],"collection":[{"href":"https:\/\/pinokyoyayinlari.com\/web\/index.php?rest_route=\/wp\/v2\/product"}],"about":[{"href":"https:\/\/pinokyoyayinlari.com\/web\/index.php?rest_route=\/wp\/v2\/types\/product"}],"wp:featuredmedia":[{"embeddable":true,"href":"https:\/\/pinokyoyayinlari.com\/web\/index.php?rest_route=\/wp\/v2\/media\/1966"}],"wp:attachment":[{"href":"https:\/\/pinokyoyayinlari.com\/web\/index.php?rest_route=%2Fwp%2Fv2%2Fmedia&parent=1965"}],"wp:term":[{"taxonomy":"product_brand","embeddable":true,"href":"https:\/\/pinokyoyayinlari.com\/web\/index.php?rest_route=%2Fwp%2Fv2%2Fproduct_brand&post=1965"},{"taxonomy":"product_cat","embeddable":true,"href":"https:\/\/pinokyoyayinlari.com\/web\/index.php?rest_route=%2Fwp%2Fv2%2Fproduct_cat&post=1965"},{"taxonomy":"product_tag","embeddable":true,"href":"https:\/\/pinokyoyayinlari.com\/web\/index.php?rest_route=%2Fwp%2Fv2%2Fproduct_tag&post=1965"}],"curies":[{"name":"wp","href":"https:\/\/api.w.org\/{rel}","templated":true}]}}