{"id":1961,"date":"2024-06-04T10:07:37","date_gmt":"2024-06-04T10:07:37","guid":{"rendered":"https:\/\/pinokyoyayinlari.com\/web\/?post_type=product&#038;p=1961"},"modified":"2025-07-23T11:55:44","modified_gmt":"2025-07-23T11:55:44","slug":"okul-oncesi-afacan-boyama-4-5-yas","status":"publish","type":"product","link":"https:\/\/pinokyoyayinlari.com\/web\/?product=okul-oncesi-afacan-boyama-4-5-yas","title":{"rendered":"OKUL \u00d6NCES\u0130 AFACAN BOYAMA 4-5 YA\u015e"},"content":{"rendered":"<p>64 sayfa 4-5 ya\u015f boyama<\/p>\n","protected":false},"excerpt":{"rendered":"<p>64 sayfa 4-5 ya\u015f boyama<\/p>\n","protected":false},"featured_media":1962,"template":"","meta":[],"product_brand":[],"product_cat":[15,111],"product_tag":[],"class_list":{"0":"post-1961","1":"product","2":"type-product","3":"status-publish","4":"has-post-thumbnail","6":"product_cat-genel","7":"product_cat-2-3-4-5-6-yas","9":"first","10":"instock","11":"shipping-taxable","12":"purchasable","13":"product-type-simple"},"_links":{"self":[{"href":"https:\/\/pinokyoyayinlari.com\/web\/index.php?rest_route=\/wp\/v2\/product\/1961","targetHints":{"allow":["GET"]}}],"collection":[{"href":"https:\/\/pinokyoyayinlari.com\/web\/index.php?rest_route=\/wp\/v2\/product"}],"about":[{"href":"https:\/\/pinokyoyayinlari.com\/web\/index.php?rest_route=\/wp\/v2\/types\/product"}],"wp:featuredmedia":[{"embeddable":true,"href":"https:\/\/pinokyoyayinlari.com\/web\/index.php?rest_route=\/wp\/v2\/media\/1962"}],"wp:attachment":[{"href":"https:\/\/pinokyoyayinlari.com\/web\/index.php?rest_route=%2Fwp%2Fv2%2Fmedia&parent=1961"}],"wp:term":[{"taxonomy":"product_brand","embeddable":true,"href":"https:\/\/pinokyoyayinlari.com\/web\/index.php?rest_route=%2Fwp%2Fv2%2Fproduct_brand&post=1961"},{"taxonomy":"product_cat","embeddable":true,"href":"https:\/\/pinokyoyayinlari.com\/web\/index.php?rest_route=%2Fwp%2Fv2%2Fproduct_cat&post=1961"},{"taxonomy":"product_tag","embeddable":true,"href":"https:\/\/pinokyoyayinlari.com\/web\/index.php?rest_route=%2Fwp%2Fv2%2Fproduct_tag&post=1961"}],"curies":[{"name":"wp","href":"https:\/\/api.w.org\/{rel}","templated":true}]}}