{"id":1955,"date":"2024-04-30T13:32:08","date_gmt":"2024-04-30T13:32:08","guid":{"rendered":"https:\/\/pinokyoyayinlari.com\/web\/?post_type=product&#038;p=1955"},"modified":"2025-07-23T11:56:19","modified_gmt":"2025-07-23T11:56:19","slug":"cikartmali-boyama-ilk-boyama-kitabim-4-yas-2-kitap","status":"publish","type":"product","link":"https:\/\/pinokyoyayinlari.com\/web\/?product=cikartmali-boyama-ilk-boyama-kitabim-4-yas-2-kitap","title":{"rendered":"\u00c7\u0131kartmal\u0131 Boyama \u0130lk Boyama Kitab\u0131m 4 Ya\u015f 2.Kitap"},"content":{"rendered":"<p>\u00e7\u0131kart &#8211; yap\u0131\u015ft\u0131r- boya 4 ya\u015f<\/p>\n","protected":false},"excerpt":{"rendered":"<p>\u00e7\u0131kart &#8211; yap\u0131\u015ft\u0131r- boya 4 ya\u015f<\/p>\n","protected":false},"featured_media":1950,"template":"","meta":[],"product_brand":[],"product_cat":[15,111],"product_tag":[],"class_list":{"0":"post-1955","1":"product","2":"type-product","3":"status-publish","4":"has-post-thumbnail","6":"product_cat-genel","7":"product_cat-2-3-4-5-6-yas","9":"first","10":"instock","11":"shipping-taxable","12":"purchasable","13":"product-type-simple"},"_links":{"self":[{"href":"https:\/\/pinokyoyayinlari.com\/web\/index.php?rest_route=\/wp\/v2\/product\/1955","targetHints":{"allow":["GET"]}}],"collection":[{"href":"https:\/\/pinokyoyayinlari.com\/web\/index.php?rest_route=\/wp\/v2\/product"}],"about":[{"href":"https:\/\/pinokyoyayinlari.com\/web\/index.php?rest_route=\/wp\/v2\/types\/product"}],"wp:featuredmedia":[{"embeddable":true,"href":"https:\/\/pinokyoyayinlari.com\/web\/index.php?rest_route=\/wp\/v2\/media\/1950"}],"wp:attachment":[{"href":"https:\/\/pinokyoyayinlari.com\/web\/index.php?rest_route=%2Fwp%2Fv2%2Fmedia&parent=1955"}],"wp:term":[{"taxonomy":"product_brand","embeddable":true,"href":"https:\/\/pinokyoyayinlari.com\/web\/index.php?rest_route=%2Fwp%2Fv2%2Fproduct_brand&post=1955"},{"taxonomy":"product_cat","embeddable":true,"href":"https:\/\/pinokyoyayinlari.com\/web\/index.php?rest_route=%2Fwp%2Fv2%2Fproduct_cat&post=1955"},{"taxonomy":"product_tag","embeddable":true,"href":"https:\/\/pinokyoyayinlari.com\/web\/index.php?rest_route=%2Fwp%2Fv2%2Fproduct_tag&post=1955"}],"curies":[{"name":"wp","href":"https:\/\/api.w.org\/{rel}","templated":true}]}}