{"id":1952,"date":"2024-04-30T13:28:54","date_gmt":"2024-04-30T13:28:54","guid":{"rendered":"https:\/\/pinokyoyayinlari.com\/web\/?post_type=product&#038;p=1952"},"modified":"2025-07-23T11:56:36","modified_gmt":"2025-07-23T11:56:36","slug":"cikartmali-boyama-ilk-boyama-kitabim-3-yas-1-kitap","status":"publish","type":"product","link":"https:\/\/pinokyoyayinlari.com\/web\/?product=cikartmali-boyama-ilk-boyama-kitabim-3-yas-1-kitap","title":{"rendered":"\u00c7\u0131kartmal\u0131 Boyama \u0130lk Boyama Kitab\u0131m 3 Ya\u015f 1.Kitap"},"content":{"rendered":"<p>\u00e7\u0131kart &#8211; yap\u0131\u015ft\u0131r &#8211; boya 3 ya\u015f<\/p>\n","protected":false},"excerpt":{"rendered":"<p>\u00e7\u0131kart &#8211; yap\u0131\u015ft\u0131r &#8211; boya 3 ya\u015f<\/p>\n","protected":false},"featured_media":1947,"template":"","meta":[],"product_brand":[],"product_cat":[15,111],"product_tag":[],"class_list":{"0":"post-1952","1":"product","2":"type-product","3":"status-publish","4":"has-post-thumbnail","6":"product_cat-genel","7":"product_cat-2-3-4-5-6-yas","9":"first","10":"instock","11":"shipping-taxable","12":"purchasable","13":"product-type-simple"},"_links":{"self":[{"href":"https:\/\/pinokyoyayinlari.com\/web\/index.php?rest_route=\/wp\/v2\/product\/1952","targetHints":{"allow":["GET"]}}],"collection":[{"href":"https:\/\/pinokyoyayinlari.com\/web\/index.php?rest_route=\/wp\/v2\/product"}],"about":[{"href":"https:\/\/pinokyoyayinlari.com\/web\/index.php?rest_route=\/wp\/v2\/types\/product"}],"wp:featuredmedia":[{"embeddable":true,"href":"https:\/\/pinokyoyayinlari.com\/web\/index.php?rest_route=\/wp\/v2\/media\/1947"}],"wp:attachment":[{"href":"https:\/\/pinokyoyayinlari.com\/web\/index.php?rest_route=%2Fwp%2Fv2%2Fmedia&parent=1952"}],"wp:term":[{"taxonomy":"product_brand","embeddable":true,"href":"https:\/\/pinokyoyayinlari.com\/web\/index.php?rest_route=%2Fwp%2Fv2%2Fproduct_brand&post=1952"},{"taxonomy":"product_cat","embeddable":true,"href":"https:\/\/pinokyoyayinlari.com\/web\/index.php?rest_route=%2Fwp%2Fv2%2Fproduct_cat&post=1952"},{"taxonomy":"product_tag","embeddable":true,"href":"https:\/\/pinokyoyayinlari.com\/web\/index.php?rest_route=%2Fwp%2Fv2%2Fproduct_tag&post=1952"}],"curies":[{"name":"wp","href":"https:\/\/api.w.org\/{rel}","templated":true}]}}