{"id":1860,"date":"2024-01-22T16:39:09","date_gmt":"2024-01-22T16:39:09","guid":{"rendered":"https:\/\/pinokyoyayinlari.com\/web\/?post_type=product&#038;p=1860"},"modified":"2025-07-23T11:57:52","modified_gmt":"2025-07-23T11:57:52","slug":"abs-dikkatimi-guclendiriyorum-5-6-yas","status":"publish","type":"product","link":"https:\/\/pinokyoyayinlari.com\/web\/?product=abs-dikkatimi-guclendiriyorum-5-6-yas","title":{"rendered":"ABS D\u0130KKAT\u0130M\u0130 G\u00dc\u00c7LEND\u0130R\u0130YORUM 5-6 YA\u015e"},"content":{"rendered":"<table style=\"width: 371pt\" border=\"0\" width=\"494\" cellspacing=\"0\" cellpadding=\"0\">\n<tbody>\n<tr style=\"height: 21.75pt\">\n<td class=\"xl66\" style=\"height: 21.75pt;width: 371pt\" width=\"494\" height=\"29\">ABS D\u0130KKAT\u0130M\u0130 G\u00dc\u00c7LEND\u0130R\u0130YORUM <span class=\"font5\">5-6 YA\u015e\u00a0 32 sayfa\u00a0<\/span><\/td>\n<\/tr>\n<\/tbody>\n<\/table>\n","protected":false},"excerpt":{"rendered":"<p>ABS D\u0130KKAT\u0130M\u0130 G\u00dc\u00c7LEND\u0130R\u0130YORUM 5-6 YA\u015e\u00a0 32 sayfa\u00a0<\/p>\n","protected":false},"featured_media":1881,"template":"","meta":[],"product_brand":[],"product_cat":[15,140],"product_tag":[],"class_list":{"0":"post-1860","1":"product","2":"type-product","3":"status-publish","4":"has-post-thumbnail","6":"product_cat-genel","7":"product_cat-etkinlikler","9":"first","10":"instock","11":"shipping-taxable","12":"purchasable","13":"product-type-simple"},"_links":{"self":[{"href":"https:\/\/pinokyoyayinlari.com\/web\/index.php?rest_route=\/wp\/v2\/product\/1860","targetHints":{"allow":["GET"]}}],"collection":[{"href":"https:\/\/pinokyoyayinlari.com\/web\/index.php?rest_route=\/wp\/v2\/product"}],"about":[{"href":"https:\/\/pinokyoyayinlari.com\/web\/index.php?rest_route=\/wp\/v2\/types\/product"}],"wp:featuredmedia":[{"embeddable":true,"href":"https:\/\/pinokyoyayinlari.com\/web\/index.php?rest_route=\/wp\/v2\/media\/1881"}],"wp:attachment":[{"href":"https:\/\/pinokyoyayinlari.com\/web\/index.php?rest_route=%2Fwp%2Fv2%2Fmedia&parent=1860"}],"wp:term":[{"taxonomy":"product_brand","embeddable":true,"href":"https:\/\/pinokyoyayinlari.com\/web\/index.php?rest_route=%2Fwp%2Fv2%2Fproduct_brand&post=1860"},{"taxonomy":"product_cat","embeddable":true,"href":"https:\/\/pinokyoyayinlari.com\/web\/index.php?rest_route=%2Fwp%2Fv2%2Fproduct_cat&post=1860"},{"taxonomy":"product_tag","embeddable":true,"href":"https:\/\/pinokyoyayinlari.com\/web\/index.php?rest_route=%2Fwp%2Fv2%2Fproduct_tag&post=1860"}],"curies":[{"name":"wp","href":"https:\/\/api.w.org\/{rel}","templated":true}]}}