{"id":1857,"date":"2024-01-22T16:35:34","date_gmt":"2024-01-22T16:35:34","guid":{"rendered":"https:\/\/pinokyoyayinlari.com\/web\/?post_type=product&#038;p=1857"},"modified":"2025-07-23T11:58:06","modified_gmt":"2025-07-23T11:58:06","slug":"abs-bilissel-aktiviteler-5-6-yas","status":"publish","type":"product","link":"https:\/\/pinokyoyayinlari.com\/web\/?product=abs-bilissel-aktiviteler-5-6-yas","title":{"rendered":"ABS B\u0130L\u0130\u015eSEL AKT\u0130V\u0130TELER 5-6 YA\u015e"},"content":{"rendered":"<table width=\"494\">\n<tbody>\n<tr>\n<td width=\"494\">ABS B\u0130L\u0130\u015eSEL AKT\u0130V\u0130TELER 5-6 YA\u015e\u00a0 48 sayfa<\/td>\n<\/tr>\n<\/tbody>\n<\/table>\n","protected":false},"excerpt":{"rendered":"<p>ABS B\u0130L\u0130\u015eSEL AKT\u0130V\u0130TELER 5-6 YA\u015e\u00a0 48 sayfa<\/p>\n","protected":false},"featured_media":1876,"template":"","meta":[],"product_brand":[],"product_cat":[15,140],"product_tag":[],"class_list":{"0":"post-1857","1":"product","2":"type-product","3":"status-publish","4":"has-post-thumbnail","6":"product_cat-genel","7":"product_cat-etkinlikler","9":"first","10":"instock","11":"shipping-taxable","12":"purchasable","13":"product-type-simple"},"_links":{"self":[{"href":"https:\/\/pinokyoyayinlari.com\/web\/index.php?rest_route=\/wp\/v2\/product\/1857","targetHints":{"allow":["GET"]}}],"collection":[{"href":"https:\/\/pinokyoyayinlari.com\/web\/index.php?rest_route=\/wp\/v2\/product"}],"about":[{"href":"https:\/\/pinokyoyayinlari.com\/web\/index.php?rest_route=\/wp\/v2\/types\/product"}],"wp:featuredmedia":[{"embeddable":true,"href":"https:\/\/pinokyoyayinlari.com\/web\/index.php?rest_route=\/wp\/v2\/media\/1876"}],"wp:attachment":[{"href":"https:\/\/pinokyoyayinlari.com\/web\/index.php?rest_route=%2Fwp%2Fv2%2Fmedia&parent=1857"}],"wp:term":[{"taxonomy":"product_brand","embeddable":true,"href":"https:\/\/pinokyoyayinlari.com\/web\/index.php?rest_route=%2Fwp%2Fv2%2Fproduct_brand&post=1857"},{"taxonomy":"product_cat","embeddable":true,"href":"https:\/\/pinokyoyayinlari.com\/web\/index.php?rest_route=%2Fwp%2Fv2%2Fproduct_cat&post=1857"},{"taxonomy":"product_tag","embeddable":true,"href":"https:\/\/pinokyoyayinlari.com\/web\/index.php?rest_route=%2Fwp%2Fv2%2Fproduct_tag&post=1857"}],"curies":[{"name":"wp","href":"https:\/\/api.w.org\/{rel}","templated":true}]}}