{"id":1812,"date":"2024-01-18T15:42:08","date_gmt":"2024-01-18T15:42:08","guid":{"rendered":"https:\/\/pinokyoyayinlari.com\/web\/?post_type=product&#038;p=1812"},"modified":"2025-07-23T12:01:35","modified_gmt":"2025-07-23T12:01:35","slug":"tekerlemeli-boyama-yiyecekler-icecekler-2-3-yas","status":"publish","type":"product","link":"https:\/\/pinokyoyayinlari.com\/web\/?product=tekerlemeli-boyama-yiyecekler-icecekler-2-3-yas","title":{"rendered":"TEKERLEMEL\u0130 BOYAMA Y\u0130YECEKLER &#8211; \u0130\u00c7ECEKLER 2-3 YA\u015e"},"content":{"rendered":"<p>TEKERLEMEL\u0130 BOYAMA Y\u0130YECEKLER &#8211; \u0130\u00c7ECEKLER 2-3 YA\u015e\u00a0 16 SAYFA<\/p>\n","protected":false},"excerpt":{"rendered":"<p>TEKERLEMEL\u0130 BOYAMA Y\u0130YECEKLER &#8211; \u0130\u00c7ECEKLER 2-3 YA\u015e\u00a0 16 SAYFA<\/p>\n","protected":false},"featured_media":1911,"template":"","meta":[],"product_brand":[],"product_cat":[111],"product_tag":[],"class_list":{"0":"post-1812","1":"product","2":"type-product","3":"status-publish","4":"has-post-thumbnail","6":"product_cat-2-3-4-5-6-yas","8":"first","9":"instock","10":"shipping-taxable","11":"purchasable","12":"product-type-simple"},"_links":{"self":[{"href":"https:\/\/pinokyoyayinlari.com\/web\/index.php?rest_route=\/wp\/v2\/product\/1812","targetHints":{"allow":["GET"]}}],"collection":[{"href":"https:\/\/pinokyoyayinlari.com\/web\/index.php?rest_route=\/wp\/v2\/product"}],"about":[{"href":"https:\/\/pinokyoyayinlari.com\/web\/index.php?rest_route=\/wp\/v2\/types\/product"}],"wp:featuredmedia":[{"embeddable":true,"href":"https:\/\/pinokyoyayinlari.com\/web\/index.php?rest_route=\/wp\/v2\/media\/1911"}],"wp:attachment":[{"href":"https:\/\/pinokyoyayinlari.com\/web\/index.php?rest_route=%2Fwp%2Fv2%2Fmedia&parent=1812"}],"wp:term":[{"taxonomy":"product_brand","embeddable":true,"href":"https:\/\/pinokyoyayinlari.com\/web\/index.php?rest_route=%2Fwp%2Fv2%2Fproduct_brand&post=1812"},{"taxonomy":"product_cat","embeddable":true,"href":"https:\/\/pinokyoyayinlari.com\/web\/index.php?rest_route=%2Fwp%2Fv2%2Fproduct_cat&post=1812"},{"taxonomy":"product_tag","embeddable":true,"href":"https:\/\/pinokyoyayinlari.com\/web\/index.php?rest_route=%2Fwp%2Fv2%2Fproduct_tag&post=1812"}],"curies":[{"name":"wp","href":"https:\/\/api.w.org\/{rel}","templated":true}]}}