{"id":1808,"date":"2024-01-18T15:39:17","date_gmt":"2024-01-18T15:39:17","guid":{"rendered":"https:\/\/pinokyoyayinlari.com\/web\/?post_type=product&#038;p=1808"},"modified":"2025-07-23T12:01:46","modified_gmt":"2025-07-23T12:01:46","slug":"tekerlemeli-boyama-hayvanlar-2-3-yas","status":"publish","type":"product","link":"https:\/\/pinokyoyayinlari.com\/web\/?product=tekerlemeli-boyama-hayvanlar-2-3-yas","title":{"rendered":"TEKERLEMEL\u0130 BOYAMA HAYVANLAR  2-3 YA\u015e"},"content":{"rendered":"<p>TEKERLEMEL\u0130 BOYAMA HAYVANLAR\u00a0 2-3 YA\u015e\u00a0 16 SAYFA<\/p>\n","protected":false},"excerpt":{"rendered":"<p>TEKERLEMEL\u0130 BOYAMA HAYVANLAR\u00a0 2-3 YA\u015e\u00a0 16 SAYFA<\/p>\n","protected":false},"featured_media":1907,"template":"","meta":[],"product_brand":[],"product_cat":[111],"product_tag":[],"class_list":{"0":"post-1808","1":"product","2":"type-product","3":"status-publish","4":"has-post-thumbnail","6":"product_cat-2-3-4-5-6-yas","8":"first","9":"instock","10":"shipping-taxable","11":"purchasable","12":"product-type-simple"},"_links":{"self":[{"href":"https:\/\/pinokyoyayinlari.com\/web\/index.php?rest_route=\/wp\/v2\/product\/1808","targetHints":{"allow":["GET"]}}],"collection":[{"href":"https:\/\/pinokyoyayinlari.com\/web\/index.php?rest_route=\/wp\/v2\/product"}],"about":[{"href":"https:\/\/pinokyoyayinlari.com\/web\/index.php?rest_route=\/wp\/v2\/types\/product"}],"wp:featuredmedia":[{"embeddable":true,"href":"https:\/\/pinokyoyayinlari.com\/web\/index.php?rest_route=\/wp\/v2\/media\/1907"}],"wp:attachment":[{"href":"https:\/\/pinokyoyayinlari.com\/web\/index.php?rest_route=%2Fwp%2Fv2%2Fmedia&parent=1808"}],"wp:term":[{"taxonomy":"product_brand","embeddable":true,"href":"https:\/\/pinokyoyayinlari.com\/web\/index.php?rest_route=%2Fwp%2Fv2%2Fproduct_brand&post=1808"},{"taxonomy":"product_cat","embeddable":true,"href":"https:\/\/pinokyoyayinlari.com\/web\/index.php?rest_route=%2Fwp%2Fv2%2Fproduct_cat&post=1808"},{"taxonomy":"product_tag","embeddable":true,"href":"https:\/\/pinokyoyayinlari.com\/web\/index.php?rest_route=%2Fwp%2Fv2%2Fproduct_tag&post=1808"}],"curies":[{"name":"wp","href":"https:\/\/api.w.org\/{rel}","templated":true}]}}