{"id":1795,"date":"2024-01-18T15:18:20","date_gmt":"2024-01-18T15:18:20","guid":{"rendered":"https:\/\/pinokyoyayinlari.com\/web\/?post_type=product&#038;p=1795"},"modified":"2025-07-23T12:03:11","modified_gmt":"2025-07-23T12:03:11","slug":"noktalari-birlestir-boya-ciftlik","status":"publish","type":"product","link":"https:\/\/pinokyoyayinlari.com\/web\/?product=noktalari-birlestir-boya-ciftlik","title":{"rendered":"NOKTALARI B\u0130RLE\u015eT\u0130R &#8211; BOYA \u00c7\u0130FTL\u0130K"},"content":{"rendered":"<p>NOKTALARI B\u0130RLE\u015eT\u0130R &#8211; BOYA \u00c7\u0130FTL\u0130K 32 SAYFA<\/p>\n","protected":false},"excerpt":{"rendered":"<p>NOKTALARI B\u0130RLE\u015eT\u0130R &#8211; BOYA \u00c7\u0130FTL\u0130K 32 SAYFA<\/p>\n","protected":false},"featured_media":1901,"template":"","meta":[],"product_brand":[],"product_cat":[111],"product_tag":[],"class_list":{"0":"post-1795","1":"product","2":"type-product","3":"status-publish","4":"has-post-thumbnail","6":"product_cat-2-3-4-5-6-yas","8":"first","9":"instock","10":"shipping-taxable","11":"purchasable","12":"product-type-simple"},"_links":{"self":[{"href":"https:\/\/pinokyoyayinlari.com\/web\/index.php?rest_route=\/wp\/v2\/product\/1795","targetHints":{"allow":["GET"]}}],"collection":[{"href":"https:\/\/pinokyoyayinlari.com\/web\/index.php?rest_route=\/wp\/v2\/product"}],"about":[{"href":"https:\/\/pinokyoyayinlari.com\/web\/index.php?rest_route=\/wp\/v2\/types\/product"}],"wp:featuredmedia":[{"embeddable":true,"href":"https:\/\/pinokyoyayinlari.com\/web\/index.php?rest_route=\/wp\/v2\/media\/1901"}],"wp:attachment":[{"href":"https:\/\/pinokyoyayinlari.com\/web\/index.php?rest_route=%2Fwp%2Fv2%2Fmedia&parent=1795"}],"wp:term":[{"taxonomy":"product_brand","embeddable":true,"href":"https:\/\/pinokyoyayinlari.com\/web\/index.php?rest_route=%2Fwp%2Fv2%2Fproduct_brand&post=1795"},{"taxonomy":"product_cat","embeddable":true,"href":"https:\/\/pinokyoyayinlari.com\/web\/index.php?rest_route=%2Fwp%2Fv2%2Fproduct_cat&post=1795"},{"taxonomy":"product_tag","embeddable":true,"href":"https:\/\/pinokyoyayinlari.com\/web\/index.php?rest_route=%2Fwp%2Fv2%2Fproduct_tag&post=1795"}],"curies":[{"name":"wp","href":"https:\/\/api.w.org\/{rel}","templated":true}]}}