{"id":1778,"date":"2024-01-18T15:02:23","date_gmt":"2024-01-18T15:02:23","guid":{"rendered":"https:\/\/pinokyoyayinlari.com\/web\/?post_type=product&#038;p=1778"},"modified":"2025-07-23T12:04:10","modified_gmt":"2025-07-23T12:04:10","slug":"akademik-basari-serisi-noktali-boyama-3-4-yas","status":"publish","type":"product","link":"https:\/\/pinokyoyayinlari.com\/web\/?product=akademik-basari-serisi-noktali-boyama-3-4-yas","title":{"rendered":"AKADEM\u0130K BA\u015eARI SER\u0130S\u0130 NOKTALI BOYAMA 3-4 YA\u015e"},"content":{"rendered":"<p>AKADEM\u0130K BA\u015eARI SER\u0130S\u0130 NOKTALI BOYAMA 3-4 YA\u015e 32 SAYFA<\/p>\n","protected":false},"excerpt":{"rendered":"<p>AKADEM\u0130K BA\u015eARI SER\u0130S\u0130 NOKTALI BOYAMA 3-4 YA\u015e 32 SAYFA<\/p>\n","protected":false},"featured_media":1892,"template":"","meta":[],"product_brand":[],"product_cat":[111],"product_tag":[],"class_list":{"0":"post-1778","1":"product","2":"type-product","3":"status-publish","4":"has-post-thumbnail","6":"product_cat-2-3-4-5-6-yas","8":"first","9":"instock","10":"shipping-taxable","11":"purchasable","12":"product-type-simple"},"_links":{"self":[{"href":"https:\/\/pinokyoyayinlari.com\/web\/index.php?rest_route=\/wp\/v2\/product\/1778","targetHints":{"allow":["GET"]}}],"collection":[{"href":"https:\/\/pinokyoyayinlari.com\/web\/index.php?rest_route=\/wp\/v2\/product"}],"about":[{"href":"https:\/\/pinokyoyayinlari.com\/web\/index.php?rest_route=\/wp\/v2\/types\/product"}],"wp:featuredmedia":[{"embeddable":true,"href":"https:\/\/pinokyoyayinlari.com\/web\/index.php?rest_route=\/wp\/v2\/media\/1892"}],"wp:attachment":[{"href":"https:\/\/pinokyoyayinlari.com\/web\/index.php?rest_route=%2Fwp%2Fv2%2Fmedia&parent=1778"}],"wp:term":[{"taxonomy":"product_brand","embeddable":true,"href":"https:\/\/pinokyoyayinlari.com\/web\/index.php?rest_route=%2Fwp%2Fv2%2Fproduct_brand&post=1778"},{"taxonomy":"product_cat","embeddable":true,"href":"https:\/\/pinokyoyayinlari.com\/web\/index.php?rest_route=%2Fwp%2Fv2%2Fproduct_cat&post=1778"},{"taxonomy":"product_tag","embeddable":true,"href":"https:\/\/pinokyoyayinlari.com\/web\/index.php?rest_route=%2Fwp%2Fv2%2Fproduct_tag&post=1778"}],"curies":[{"name":"wp","href":"https:\/\/api.w.org\/{rel}","templated":true}]}}