{"id":1734,"date":"2021-12-19T20:24:49","date_gmt":"2021-12-19T20:24:49","guid":{"rendered":"https:\/\/pinokyoyayinlari.com\/web\/?post_type=product&#038;p=1734"},"modified":"2025-07-23T12:06:04","modified_gmt":"2025-07-23T12:06:04","slug":"renkli-neseli-boyama-2","status":"publish","type":"product","link":"https:\/\/pinokyoyayinlari.com\/web\/?product=renkli-neseli-boyama-2","title":{"rendered":"Renkli Ne\u015feli Boyama 4+ Ya\u015f 2.Kitap"},"content":{"rendered":"<p>Renkli Ne\u015feli Boyama<\/p>\n","protected":false},"excerpt":{"rendered":"<p>Renkli Ne\u015feli Boyama<\/p>\n","protected":false},"featured_media":1917,"template":"","meta":[],"product_brand":[],"product_cat":[111],"product_tag":[113,89],"class_list":{"0":"post-1734","1":"product","2":"type-product","3":"status-publish","4":"has-post-thumbnail","6":"product_cat-2-3-4-5-6-yas","7":"product_tag-boyama","8":"product_tag-ogrenme","10":"first","11":"instock","12":"shipping-taxable","13":"purchasable","14":"product-type-simple"},"_links":{"self":[{"href":"https:\/\/pinokyoyayinlari.com\/web\/index.php?rest_route=\/wp\/v2\/product\/1734","targetHints":{"allow":["GET"]}}],"collection":[{"href":"https:\/\/pinokyoyayinlari.com\/web\/index.php?rest_route=\/wp\/v2\/product"}],"about":[{"href":"https:\/\/pinokyoyayinlari.com\/web\/index.php?rest_route=\/wp\/v2\/types\/product"}],"wp:featuredmedia":[{"embeddable":true,"href":"https:\/\/pinokyoyayinlari.com\/web\/index.php?rest_route=\/wp\/v2\/media\/1917"}],"wp:attachment":[{"href":"https:\/\/pinokyoyayinlari.com\/web\/index.php?rest_route=%2Fwp%2Fv2%2Fmedia&parent=1734"}],"wp:term":[{"taxonomy":"product_brand","embeddable":true,"href":"https:\/\/pinokyoyayinlari.com\/web\/index.php?rest_route=%2Fwp%2Fv2%2Fproduct_brand&post=1734"},{"taxonomy":"product_cat","embeddable":true,"href":"https:\/\/pinokyoyayinlari.com\/web\/index.php?rest_route=%2Fwp%2Fv2%2Fproduct_cat&post=1734"},{"taxonomy":"product_tag","embeddable":true,"href":"https:\/\/pinokyoyayinlari.com\/web\/index.php?rest_route=%2Fwp%2Fv2%2Fproduct_tag&post=1734"}],"curies":[{"name":"wp","href":"https:\/\/api.w.org\/{rel}","templated":true}]}}