{"id":1402,"date":"2021-12-18T08:51:40","date_gmt":"2021-12-18T08:51:40","guid":{"rendered":"https:\/\/yuvayayinlari.com\/web\/?post_type=product&#038;p=1402"},"modified":"2025-07-23T12:09:21","modified_gmt":"2025-07-23T12:09:21","slug":"renkli-sirin-boyama","status":"publish","type":"product","link":"https:\/\/pinokyoyayinlari.com\/web\/?product=renkli-sirin-boyama","title":{"rendered":"Renkli \u015eirin Boyama 2+ Ya\u015f 1.Kitap"},"content":{"rendered":"<p>2 ya\u015f ve \u00fczeri \u00e7ocuklar i\u00e7in ya\u015f\u0131na uygun \u00e7izgilerle haz\u0131rlanm\u0131\u015f boyama kitaplar\u0131 \u00e7ocuklar\u0131n kas becerilerini geli\u015ftirmeye y\u00f6nelik \u00f6nemli bir ara\u00e7t\u0131r. Elde ve parmakta bulunan k\u00fc\u00e7\u00fck kaslar\u0131n \u00e7al\u0131\u015fmas\u0131, el g\u00f6z koordinasyon, g\u00fc\u00e7 ve kontrol becerisini geli\u015ftirir. Boyama kitaplar\u0131n\u0131 \u00e7ocu\u011funuzun odaklanma yetene\u011fi art\u0131r\u0131r, dikkatini geli\u015ftirip bili\u015fsel ve g\u00f6rsel zihin geli\u015fimini destekler.<\/p>\n","protected":false},"excerpt":{"rendered":"<p>2 ya\u015f ve \u00fczeri \u00e7ocuklar i\u00e7in ya\u015f\u0131na uygun \u00e7izgilerle haz\u0131rlanm\u0131\u015f boyama kitaplar\u0131 \u00e7ocuklar\u0131n kas becerilerini geli\u015ftirmeye y\u00f6nelik \u00f6nemli bir ara\u00e7t\u0131r. Elde ve parmakta bulunan k\u00fc\u00e7\u00fck kaslar\u0131n \u00e7al\u0131\u015fmas\u0131, el g\u00f6z koordinasyon, g\u00fc\u00e7 ve kontrol becerisini geli\u015ftirir. Boyama kitaplar\u0131n\u0131 \u00e7ocu\u011funuzun odaklanma yetene\u011fi art\u0131r\u0131r, dikkatini geli\u015ftirip bili\u015fsel ve g\u00f6rsel zihin geli\u015fimini destekler.<\/p>\n","protected":false},"featured_media":1912,"template":"","meta":[],"product_brand":[],"product_cat":[111],"product_tag":[112,113,114],"class_list":{"0":"post-1402","1":"product","2":"type-product","3":"status-publish","4":"has-post-thumbnail","6":"product_cat-2-3-4-5-6-yas","7":"product_tag-2yas","8":"product_tag-boyama","9":"product_tag-renkli","11":"first","12":"instock","13":"shipping-taxable","14":"purchasable","15":"product-type-simple"},"_links":{"self":[{"href":"https:\/\/pinokyoyayinlari.com\/web\/index.php?rest_route=\/wp\/v2\/product\/1402","targetHints":{"allow":["GET"]}}],"collection":[{"href":"https:\/\/pinokyoyayinlari.com\/web\/index.php?rest_route=\/wp\/v2\/product"}],"about":[{"href":"https:\/\/pinokyoyayinlari.com\/web\/index.php?rest_route=\/wp\/v2\/types\/product"}],"wp:featuredmedia":[{"embeddable":true,"href":"https:\/\/pinokyoyayinlari.com\/web\/index.php?rest_route=\/wp\/v2\/media\/1912"}],"wp:attachment":[{"href":"https:\/\/pinokyoyayinlari.com\/web\/index.php?rest_route=%2Fwp%2Fv2%2Fmedia&parent=1402"}],"wp:term":[{"taxonomy":"product_brand","embeddable":true,"href":"https:\/\/pinokyoyayinlari.com\/web\/index.php?rest_route=%2Fwp%2Fv2%2Fproduct_brand&post=1402"},{"taxonomy":"product_cat","embeddable":true,"href":"https:\/\/pinokyoyayinlari.com\/web\/index.php?rest_route=%2Fwp%2Fv2%2Fproduct_cat&post=1402"},{"taxonomy":"product_tag","embeddable":true,"href":"https:\/\/pinokyoyayinlari.com\/web\/index.php?rest_route=%2Fwp%2Fv2%2Fproduct_tag&post=1402"}],"curies":[{"name":"wp","href":"https:\/\/api.w.org\/{rel}","templated":true}]}}