{"id":1401,"date":"2021-12-18T08:50:17","date_gmt":"2021-12-18T08:50:17","guid":{"rendered":"https:\/\/yuvayayinlari.com\/web\/?post_type=product&#038;p=1401"},"modified":"2025-07-23T12:09:27","modified_gmt":"2025-07-23T12:09:27","slug":"__trashed","status":"publish","type":"product","link":"https:\/\/pinokyoyayinlari.com\/web\/?product=__trashed","title":{"rendered":"Renkli \u015eirin Boyama 2+ Ya\u015f 2.Kitap"},"content":{"rendered":"<p>Renkli \u015eirin Boyama<\/p>\n","protected":false},"excerpt":{"rendered":"<p>Renkli \u015eirin Boyama<\/p>\n","protected":false},"featured_media":1913,"template":"","meta":[],"product_brand":[],"product_cat":[111],"product_tag":[139],"class_list":{"0":"post-1401","1":"product","2":"type-product","3":"status-publish","4":"has-post-thumbnail","6":"product_cat-2-3-4-5-6-yas","7":"product_tag-boyama-ogrenme","9":"first","10":"instock","11":"shipping-taxable","12":"purchasable","13":"product-type-simple"},"_links":{"self":[{"href":"https:\/\/pinokyoyayinlari.com\/web\/index.php?rest_route=\/wp\/v2\/product\/1401","targetHints":{"allow":["GET"]}}],"collection":[{"href":"https:\/\/pinokyoyayinlari.com\/web\/index.php?rest_route=\/wp\/v2\/product"}],"about":[{"href":"https:\/\/pinokyoyayinlari.com\/web\/index.php?rest_route=\/wp\/v2\/types\/product"}],"wp:featuredmedia":[{"embeddable":true,"href":"https:\/\/pinokyoyayinlari.com\/web\/index.php?rest_route=\/wp\/v2\/media\/1913"}],"wp:attachment":[{"href":"https:\/\/pinokyoyayinlari.com\/web\/index.php?rest_route=%2Fwp%2Fv2%2Fmedia&parent=1401"}],"wp:term":[{"taxonomy":"product_brand","embeddable":true,"href":"https:\/\/pinokyoyayinlari.com\/web\/index.php?rest_route=%2Fwp%2Fv2%2Fproduct_brand&post=1401"},{"taxonomy":"product_cat","embeddable":true,"href":"https:\/\/pinokyoyayinlari.com\/web\/index.php?rest_route=%2Fwp%2Fv2%2Fproduct_cat&post=1401"},{"taxonomy":"product_tag","embeddable":true,"href":"https:\/\/pinokyoyayinlari.com\/web\/index.php?rest_route=%2Fwp%2Fv2%2Fproduct_tag&post=1401"}],"curies":[{"name":"wp","href":"https:\/\/api.w.org\/{rel}","templated":true}]}}