{"id":1391,"date":"2021-12-18T08:37:13","date_gmt":"2021-12-18T08:37:13","guid":{"rendered":"https:\/\/yuvayayinlari.com\/web\/?post_type=product&#038;p=1391"},"modified":"2025-02-01T10:04:31","modified_gmt":"2025-02-01T10:04:31","slug":"dunya-masallarindan-secmeler","status":"publish","type":"product","link":"https:\/\/pinokyoyayinlari.com\/web\/?product=dunya-masallarindan-secmeler","title":{"rendered":"D\u00fcnya Masallar\u0131ndan Se\u00e7meler 1.S\u0131n\u0131f 10 Kitap (Renkli Heceli)"},"content":{"rendered":"<p>Toplamda 10 adet \u00f6yk\u00fc kitab\u0131ndan olu\u015fan bu seri de dilden dile dola\u015farak d\u00fcnyada klasikle\u015fmi\u015f eserlerin her \u00f6yk\u00fcs\u00fcyle ders alaca\u011f\u0131m\u0131z olaylar anlat\u0131larak \u00e7ocuklar\u0131m\u0131z\u0131n geli\u015fimine katk\u0131 sa\u011flamak ve okumay\u0131 geli\u015ftirebilmek i\u00e7in renkli heceli olarak yaz\u0131ld\u0131. Bu e\u011flenceli seri hem d\u00fc\u015f\u00fcnd\u00fcr\u00fcyor, hem \u00f6\u011fretiyor hem de sorgulat\u0131yor. Her birinde renkli heceli 1 \u00f6yk\u00fc bulunan bu kitaplar\u0131 \u00e7ocuklar \u00e7ok sevecek.<\/p>\n","protected":false},"excerpt":{"rendered":"<p>Toplamda 10 adet \u00f6yk\u00fc kitab\u0131ndan olu\u015fan bu seri de dilden dile dola\u015farak d\u00fcnyada klasikle\u015fmi\u015f eserlerin her \u00f6yk\u00fcs\u00fcyle ders alaca\u011f\u0131m\u0131z olaylar anlat\u0131larak \u00e7ocuklar\u0131m\u0131z\u0131n geli\u015fimine katk\u0131 sa\u011flamak ve okumay\u0131 geli\u015ftirebilmek i\u00e7in renkli heceli olarak yaz\u0131ld\u0131. Bu e\u011flenceli seri hem d\u00fc\u015f\u00fcnd\u00fcr\u00fcyor, hem \u00f6\u011fretiyor hem de sorgulat\u0131yor. Her birinde renkli heceli 1 \u00f6yk\u00fc bulunan bu kitaplar\u0131 \u00e7ocuklar \u00e7ok sevecek.<\/p>\n","protected":false},"featured_media":1928,"template":"","meta":[],"product_brand":[],"product_cat":[55],"product_tag":[105,68,106],"class_list":{"0":"post-1391","1":"product","2":"type-product","3":"status-publish","4":"has-post-thumbnail","6":"product_cat-hikayeler","7":"product_tag-dunya","8":"product_tag-masal","9":"product_tag-secme","11":"first","12":"instock","13":"shipping-taxable","14":"purchasable","15":"product-type-simple"},"_links":{"self":[{"href":"https:\/\/pinokyoyayinlari.com\/web\/index.php?rest_route=\/wp\/v2\/product\/1391","targetHints":{"allow":["GET"]}}],"collection":[{"href":"https:\/\/pinokyoyayinlari.com\/web\/index.php?rest_route=\/wp\/v2\/product"}],"about":[{"href":"https:\/\/pinokyoyayinlari.com\/web\/index.php?rest_route=\/wp\/v2\/types\/product"}],"wp:featuredmedia":[{"embeddable":true,"href":"https:\/\/pinokyoyayinlari.com\/web\/index.php?rest_route=\/wp\/v2\/media\/1928"}],"wp:attachment":[{"href":"https:\/\/pinokyoyayinlari.com\/web\/index.php?rest_route=%2Fwp%2Fv2%2Fmedia&parent=1391"}],"wp:term":[{"taxonomy":"product_brand","embeddable":true,"href":"https:\/\/pinokyoyayinlari.com\/web\/index.php?rest_route=%2Fwp%2Fv2%2Fproduct_brand&post=1391"},{"taxonomy":"product_cat","embeddable":true,"href":"https:\/\/pinokyoyayinlari.com\/web\/index.php?rest_route=%2Fwp%2Fv2%2Fproduct_cat&post=1391"},{"taxonomy":"product_tag","embeddable":true,"href":"https:\/\/pinokyoyayinlari.com\/web\/index.php?rest_route=%2Fwp%2Fv2%2Fproduct_tag&post=1391"}],"curies":[{"name":"wp","href":"https:\/\/api.w.org\/{rel}","templated":true}]}}