{"id":1388,"date":"2021-12-18T08:32:17","date_gmt":"2021-12-18T08:32:17","guid":{"rendered":"https:\/\/yuvayayinlari.com\/web\/?post_type=product&#038;p=1388"},"modified":"2025-02-01T10:05:04","modified_gmt":"2025-02-01T10:05:04","slug":"gorgu-kurallari-renkli-heceli","status":"publish","type":"product","link":"https:\/\/pinokyoyayinlari.com\/web\/?product=gorgu-kurallari-renkli-heceli","title":{"rendered":"G\u00f6rg\u00fc Kurallar\u0131 1.S\u0131n\u0131f 10 Kitap (5 heceli 5 d\u00fcz)"},"content":{"rendered":"<p>Toplamda 10 adet \u00f6yk\u00fc kitab\u0131ndan olu\u015fan bu seri de \u00e7ocuklar\u0131m\u0131z\u0131n geli\u015fimine katk\u0131 sa\u011flamak amac\u0131yla toplum i\u00e7erisinde nas\u0131l davranmalar\u0131 gerekti\u011fini e\u011flenerek, \u00f6\u011frenmeyi ama\u00e7layarak yaz\u0131ld\u0131. Bu e\u011flenceli seri hem d\u00fc\u015f\u00fcnd\u00fcr\u00fcyor, hem \u00f6\u011fretiyor hem de sorgulat\u0131yor. Her birinde 1 \u00f6yk\u00fc bulunan bu kitaplar\u0131 \u00e7ocuklar \u00e7ok sevecek.<\/p>\n","protected":false},"excerpt":{"rendered":"<p>Toplamda 10 adet \u00f6yk\u00fc kitab\u0131ndan olu\u015fan bu seri de \u00e7ocuklar\u0131m\u0131z\u0131n geli\u015fimine katk\u0131 sa\u011flamak amac\u0131yla toplum i\u00e7erisinde nas\u0131l davranmalar\u0131 gerekti\u011fini e\u011flenerek, \u00f6\u011frenmeyi ama\u00e7layarak yaz\u0131ld\u0131. Bu e\u011flenceli seri hem d\u00fc\u015f\u00fcnd\u00fcr\u00fcyor, hem \u00f6\u011fretiyor hem de sorgulat\u0131yor. Her birinde 1 \u00f6yk\u00fc bulunan bu kitaplar\u0131 \u00e7ocuklar \u00e7ok sevecek.<\/p>\n","protected":false},"featured_media":1929,"template":"","meta":[],"product_brand":[],"product_cat":[55],"product_tag":[103,93],"class_list":{"0":"post-1388","1":"product","2":"type-product","3":"status-publish","4":"has-post-thumbnail","6":"product_cat-hikayeler","7":"product_tag-gorgu","8":"product_tag-okula-yardimci","10":"first","11":"instock","12":"shipping-taxable","13":"purchasable","14":"product-type-simple"},"_links":{"self":[{"href":"https:\/\/pinokyoyayinlari.com\/web\/index.php?rest_route=\/wp\/v2\/product\/1388","targetHints":{"allow":["GET"]}}],"collection":[{"href":"https:\/\/pinokyoyayinlari.com\/web\/index.php?rest_route=\/wp\/v2\/product"}],"about":[{"href":"https:\/\/pinokyoyayinlari.com\/web\/index.php?rest_route=\/wp\/v2\/types\/product"}],"wp:featuredmedia":[{"embeddable":true,"href":"https:\/\/pinokyoyayinlari.com\/web\/index.php?rest_route=\/wp\/v2\/media\/1929"}],"wp:attachment":[{"href":"https:\/\/pinokyoyayinlari.com\/web\/index.php?rest_route=%2Fwp%2Fv2%2Fmedia&parent=1388"}],"wp:term":[{"taxonomy":"product_brand","embeddable":true,"href":"https:\/\/pinokyoyayinlari.com\/web\/index.php?rest_route=%2Fwp%2Fv2%2Fproduct_brand&post=1388"},{"taxonomy":"product_cat","embeddable":true,"href":"https:\/\/pinokyoyayinlari.com\/web\/index.php?rest_route=%2Fwp%2Fv2%2Fproduct_cat&post=1388"},{"taxonomy":"product_tag","embeddable":true,"href":"https:\/\/pinokyoyayinlari.com\/web\/index.php?rest_route=%2Fwp%2Fv2%2Fproduct_tag&post=1388"}],"curies":[{"name":"wp","href":"https:\/\/api.w.org\/{rel}","templated":true}]}}